{"id":500,"date":"2020-06-25T20:20:40","date_gmt":"2020-06-25T20:20:40","guid":{"rendered":"http:\/\/hosagaair.com.redlatitud.com\/?page_id=500"},"modified":"2023-03-15T03:44:21","modified_gmt":"2023-03-15T03:44:21","slug":"nosotros","status":"publish","type":"page","link":"http:\/\/www.hosagaair.com\/index.php\/nosotros\/","title":{"rendered":"Nosotros"},"content":{"rendered":"<body>\n<p>[vc_row css_animation=\u201d\u201d row_type=\u201drow\u201d use_row_as_full_screen_section=\u201dno\u201d type=\u201dgrid\u201d angled_section=\u201dno\u201d text_align=\u201dleft\u201d background_image_as_pattern=\u201dwithout_pattern\u201d css=\u201d.vc_custom_1481553027449{padding-top: 89px !important;padding-bottom: 32px !important;}\u201d][vc_column offset=\u201dvc_col-lg-6 vc_col-md-6\u2033][vc_empty_space height=\u201d12px\u201d][vc_column_text]<\/p>\n<h3>Brindamos servicio profesional para el desarrollo integral de proyectos de Aire acondicionado<\/h3>\n<p>[\/vc_column_text][vc_separator type=\u201dnormal\u201d color=\u201d#6d97bf\u201d thickness=\u201d5px\u201d][vc_empty_space height=\u201d33px\u201d][vc_gallery interval=\u201d3\u2033 images=\u201d661,660,659,658,657,656\u2033 img_size=\u201d480\u00d7720\u2033][\/vc_column][vc_column offset=\u201dvc_col-lg-6 vc_col-md-6\u2033][vc_empty_space height=\u201d12px\u201d][vc_column_text]<\/p>\n<h3>\u00bfQUI\u00c9NES SOMOS?<\/h3>\n<p>Somos una empresa con amplia experiencia en el ramo de <strong>Aire Acondicionado<\/strong>. Brindamos servicio profesional para el desarrollo integral de proyectos de <strong>Aire acondicionado, ventilaci\u00f3n y extracci\u00f3n<\/strong> en el sector residencial, industrial y comercial.<\/p>\n<p>Contamos con la infraestructura y equipo necesario para llevar<br>\na cabo cualquier tipo de ingenier\u00edas y an\u00e1lisis propios de un proyecto, tanto en plazas comerciales, como en edificios. Realizamos suministro e instalaci\u00f3n de equipos, adem\u00e1s, brindamos mantenimiento a edificios corporativos en sistemas de climatizaci\u00f3n en sus diferentes modalidades.<br>\nNuestro personal cuenta con certificaciones Internacionales en Instalaci\u00f3n, reparaci\u00f3n y mantenimiento de equipos lo que se traduce en un servicio de alta calidad.<\/p>\n<p>\u00a0<\/p>\n<p>\u00a0<\/p>\n<hr>\n<h3>MISI\u00d3N<\/h3>\n<p>Nuestra empresa tiene como misi\u00f3n servir a la sociedad a trav\u00e9s de respuestas profesionales competentes a nivel mundial sobre las necesidades de aire acondicionado de nuestros clientes. Nuestro compromiso es ofrecer la m\u00e1xima calidad de nuestro trabajo y la entera satisfacci\u00f3n del solicitante.<\/p>\n<p>\u00a0<\/p>\n<p>\u00a0<\/p>\n<hr>\n<h3>VISI\u00d3N<\/h3>\n<p>Ser una empresa l\u00edder en el ramo de Aire acondicionado, enfoc\u00e1ndose en realizar ingenier\u00edas de instalaciones y mantenimientos de alta calidad que represente para nuestros clientes la mejor opci\u00f3n del mercado, conservando nuestros valores, como caracter\u00edstica distintiva en el cumplimiento de los compromisos, apoyados en nuestra excelente capacidad t\u00e9cnica y humana para colaborar con el desarrollo de nuestro pa\u00eds.<\/p>\n<p>\u00a0<\/p>\n<p>\u00a0<\/p>\n<hr>\n<p>[\/vc_column_text][vc_empty_space height=\u201d55px\u201d][\/vc_column][\/vc_row][vc_row css_animation=\u201d\u201d row_type=\u201drow\u201d use_row_as_full_screen_section=\u201dno\u201d type=\u201dgrid\u201d angled_section=\u201dno\u201d text_align=\u201dleft\u201d background_image_as_pattern=\u201dwithout_pattern\u201d css=\u201d.vc_custom_1473086245677{padding-top: 13px !important;padding-bottom: 13px !important;background-color: #ffffff !important;}\u201d][vc_column]<div class='qode_carousels_holder clearfix'><div class='qode_carousels' data-number-of-visible-items='4'><ul class='slides'>Sorry, no posts matched your criteria.<\/ul><\/div><\/div>[\/vc_column][\/vc_row]<\/p>\n<\/body>","protected":false},"excerpt":{"rendered":"<p>[vc_row css_animation=\u201d\u201d row_type=\u201drow\u201d use_row_as_full_screen_section=\u201dno\u201d type=\u201dgrid\u201d angled_section=\u201dno\u201d text_align=\u201dleft\u201d background_image_as_pattern=\u201dwithout_pattern\u201d css=\u201d.vc_custom_1481553027449{padding-top: 89px !important;padding-bottom: 32px !important;}\u201d][vc_column offset=\u201dvc_col-lg-6 vc_col-md-6\u2033][vc_empty_space height=\u201d12px\u201d][vc_column_text] Brindamos servicio profesional para el desarrollo integral de proyectos de Aire acondicionado [\/vc_column_text][vc_separator type=\u201dnormal\u201d color=\u201d#6d97bf\u201d thickness=\u201d5px\u201d][vc_empty_space height=\u201d33px\u201d][vc_gallery interval=\u201d3\u2033 images=\u201d661,660,659,658,657,656\u2033 img_size=\u201d480\u00d7720\u2033][\/vc_column][vc_column offset=\u201dvc_col-lg-6 vc_col-md-6\u2033][vc_empty_space height=\u201d12px\u201d][vc_column_text] \u00bfQUI\u00c9NES SOMOS? Somos una empresa con&#8230;<\/p>\n","protected":false},"author":1,"featured_media":0,"parent":0,"menu_order":0,"comment_status":"closed","ping_status":"closed","template":"","meta":{"om_disable_all_campaigns":false,"footnotes":""},"class_list":["post-500","page","type-page","status-publish","hentry"],"jetpack_sharing_enabled":true,"_links":{"self":[{"href":"http:\/\/www.hosagaair.com\/index.php\/wp-json\/wp\/v2\/pages\/500"}],"collection":[{"href":"http:\/\/www.hosagaair.com\/index.php\/wp-json\/wp\/v2\/pages"}],"about":[{"href":"http:\/\/www.hosagaair.com\/index.php\/wp-json\/wp\/v2\/types\/page"}],"author":[{"embeddable":true,"href":"http:\/\/www.hosagaair.com\/index.php\/wp-json\/wp\/v2\/users\/1"}],"replies":[{"embeddable":true,"href":"http:\/\/www.hosagaair.com\/index.php\/wp-json\/wp\/v2\/comments?post=500"}],"version-history":[{"count":24,"href":"http:\/\/www.hosagaair.com\/index.php\/wp-json\/wp\/v2\/pages\/500\/revisions"}],"predecessor-version":[{"id":662,"href":"http:\/\/www.hosagaair.com\/index.php\/wp-json\/wp\/v2\/pages\/500\/revisions\/662"}],"wp:attachment":[{"href":"http:\/\/www.hosagaair.com\/index.php\/wp-json\/wp\/v2\/media?parent=500"}],"curies":[{"name":"wp","href":"https:\/\/api.w.org\/{rel}","templated":true}]}}