{"id":177,"date":"2016-11-02T09:28:45","date_gmt":"2016-11-02T09:28:45","guid":{"rendered":"http:\/\/bridge87.qodeinteractive.com\/?page_id=177"},"modified":"2023-03-15T03:37:04","modified_gmt":"2023-03-15T03:37:04","slug":"servicios","status":"publish","type":"page","link":"http:\/\/www.hosagaair.com\/index.php\/servicios\/","title":{"rendered":"Servicios"},"content":{"rendered":"<body>\n<p>[vc_row css_animation=\u201d\u201d row_type=\u201drow\u201d use_row_as_full_screen_section=\u201dno\u201d type=\u201dgrid\u201d angled_section=\u201dno\u201d text_align=\u201dcenter\u201d background_image_as_pattern=\u201dwithout_pattern\u201d css=\u201d.vc_custom_1678851256785{padding-top: 130px !important;background: #b5b5b5 url(http:\/\/hosagaair.com.redlatitud.com\/wp-content\/uploads\/2016\/09\/background.jpg?id=205) !important;background-position: center !important;background-repeat: no-repeat !important;background-size: cover !important;}\u201d el_class=\u201dqode-lower-section-z-index\u201d z_index=\u201d\u201d][vc_column][vc_column_text]<\/p>\n<h1 style=\"text-align: center;\"><span style=\"color: #3366ff;\">Hosaga Air<\/span><\/h1>\n<p>[\/vc_column_text][vc_empty_space height=\u201d7px\u201d][vc_column_text]<\/p>\n<h5><span style=\"color: #ffffff;\">Nuestros Servicios<\/span><\/h5>\n<p>[\/vc_column_text][vc_empty_space height=\u201d7px\u201d][vc_empty_space height=\u201d7px\u201d][vc_row_inner row_type=\u201drow\u201d type=\u201dfull_width\u201d text_align=\u201dleft\u201d css_animation=\u201d\u201d css=\u201d.vc_custom_1592944096806{padding-top: 20px !important;padding-bottom: 90px !important;}\u201d][vc_column_inner width=\u201d1\/6\u2033 offset=\u201dvc_col-lg-3 vc_col-md-3\u2033][vc_single_image image=\u201d690\u2033 img_size=\u201dfull\u201d qode_css_animation=\u201d\u201d][vc_empty_space height=\u201d25px\u201d][vc_column_text]<\/p>\n<h6>Servicios de<\/h6>\n<p>[\/vc_column_text][vc_empty_space height=\u201d3px\u201d][vc_column_text]<\/p>\n<h4><span style=\"color: #ffffff;\">Consultor\u00eda<\/span><\/h4>\n<p>[\/vc_column_text][vc_empty_space height=\u201d14px\u201d][vc_column_text]<\/p>\n<p style=\"text-align: left;\"><span style=\"color: #ffffff;\">Asesoramos en el proceso de definici\u00f3n de las necesidades del proyecto, las sugerencias de soluciones y eficiencias que se pueden alcanzar con las diferentes tecnolog\u00edas del mercado.<\/span><\/p>\n<p>[\/vc_column_text][\/vc_column_inner][vc_column_inner width=\u201d1\/6\u2033 offset=\u201dvc_col-lg-3 vc_col-md-3\u2033][vc_single_image image=\u201d692\u2033 img_size=\u201dfull\u201d qode_css_animation=\u201d\u201d][vc_empty_space height=\u201d25px\u201d][vc_column_text]<\/p>\n<h6>Servicios de<\/h6>\n<p>[\/vc_column_text][vc_empty_space height=\u201d3px\u201d][vc_column_text]<\/p>\n<h4><span style=\"color: #ffffff;\">Ingenier\u00eda<\/span><\/h4>\n<p>[\/vc_column_text][vc_empty_space height=\u201d14px\u201d][vc_column_text]<\/p>\n<p style=\"text-align: left;\"><span style=\"color: #ffffff;\">Realizamos el c\u00e1lculo de cargas t\u00e9rmicas, desarrollamos el cat\u00e1logo de conceptos, generamos planos de ejecuci\u00f3n y distribuci\u00f3n de tuber\u00edas, ducter\u00edas y sembrado de equipos seg\u00fan los requerimientos arquitect\u00f3nicos del proyecto.<\/span><\/p>\n<p>[\/vc_column_text][\/vc_column_inner][vc_column_inner width=\u201d1\/6\u2033 offset=\u201dvc_col-lg-3 vc_col-md-3\u2033][vc_single_image image=\u201d694\u2033 img_size=\u201dfull\u201d qode_css_animation=\u201d\u201d][vc_empty_space height=\u201d25px\u201d][vc_column_text]<\/p>\n<h6>Servicios de<\/h6>\n<p>[\/vc_column_text][vc_empty_space height=\u201d3px\u201d][vc_column_text]<\/p>\n<h4><span style=\"color: #ffffff;\">Venta<\/span><\/h4>\n<p>[\/vc_column_text][vc_empty_space height=\u201d14px\u201d][vc_column_text]<\/p>\n<p style=\"text-align: left;\"><span style=\"color: #ffffff;\">Proveemos cualquier tipo de equipos, accesorios e instrumentos necesarios para la implementaci\u00f3n del proyecto. Contamos con alianzas con los mejores proveedores en soluciones de aire y el acceso a su cat\u00e1logo completo de productos.<\/span><\/p>\n<p>[\/vc_column_text][\/vc_column_inner][vc_column_inner width=\u201d1\/6\u2033 offset=\u201dvc_col-lg-3 vc_col-md-3\u2033][vc_single_image image=\u201d700\u2033 img_size=\u201dfull\u201d qode_css_animation=\u201d\u201d][vc_empty_space height=\u201d25px\u201d][vc_column_text]<\/p>\n<h6>Servicios de<\/h6>\n<p>[\/vc_column_text][vc_empty_space height=\u201d3px\u201d][vc_column_text]<\/p>\n<h4><span style=\"color: #ffffff;\">Reparaci\u00f3n y Mantenimiento<\/span><\/h4>\n<p>[\/vc_column_text][vc_empty_space height=\u201d14px\u201d][vc_column_text]<\/p>\n<p style=\"text-align: left;\"><span style=\"color: #ffffff;\">Asistimos a nuestros clientes en la resoluci\u00f3n de sus problemas de aire acondicionado, ventilaci\u00f3n y extracci\u00f3n con personal calificado y certificado, adem\u00e1s proveemos el servicio a las polizas de garant\u00eda de los productos de nuestros proveedores en alianza.<\/span><\/p>\n<p>[\/vc_column_text][\/vc_column_inner][\/vc_row_inner][vc_gallery interval=\u201d3\u2033 images=\u201d638,637,639,640,641,642,643,644,645,646\u2033 img_size=\u201d800\u00d7500\u2033 onclick=\u201d\u201d][\/vc_column][\/vc_row][vc_row css_animation=\u201d\u201d row_type=\u201drow\u201d use_row_as_full_screen_section=\u201dno\u201d type=\u201dfull_width\u201d angled_section=\u201dno\u201d text_align=\u201dleft\u201d background_image_as_pattern=\u201dwithout_pattern\u201d][vc_column width=\u201d1\/4\u2033][\/vc_column][vc_column width=\u201d1\/2\u2033][\/vc_column][vc_column width=\u201d1\/4\u2033][\/vc_column][\/vc_row]<\/p>\n<\/body>","protected":false},"excerpt":{"rendered":"<p>[vc_row css_animation=\u201d\u201d row_type=\u201drow\u201d use_row_as_full_screen_section=\u201dno\u201d type=\u201dgrid\u201d angled_section=\u201dno\u201d text_align=\u201dcenter\u201d background_image_as_pattern=\u201dwithout_pattern\u201d css=\u201d.vc_custom_1678851256785{padding-top: 130px !important;background: #b5b5b5 url(http:\/\/hosagaair.com.redlatitud.com\/wp-content\/uploads\/2016\/09\/background.jpg?id=205) !important;background-position: center !important;background-repeat: no-repeat !important;background-size: cover !important;}\u201d el_class=\u201dqode-lower-section-z-index\u201d z_index=\u201d\u201d][vc_column][vc_column_text] Hosaga Air [\/vc_column_text][vc_empty_space height=\u201d7px\u201d][vc_column_text] Nuestros Servicios [\/vc_column_text][vc_empty_space height=\u201d7px\u201d][vc_empty_space height=\u201d7px\u201d][vc_row_inner row_type=\u201drow\u201d type=\u201dfull_width\u201d text_align=\u201dleft\u201d css_animation=\u201d\u201d css=\u201d.vc_custom_1592944096806{padding-top: 20px !important;padding-bottom: 90px !important;}\u201d][vc_column_inner width=\u201d1\/6\u2033 offset=\u201dvc_col-lg-3 vc_col-md-3\u2033][vc_single_image image=\u201d690\u2033 img_size=\u201dfull\u201d&#8230;<\/p>\n","protected":false},"author":1,"featured_media":0,"parent":0,"menu_order":0,"comment_status":"closed","ping_status":"closed","template":"full_width.php","meta":{"om_disable_all_campaigns":false,"footnotes":""},"class_list":["post-177","page","type-page","status-publish","hentry"],"jetpack_sharing_enabled":true,"_links":{"self":[{"href":"http:\/\/www.hosagaair.com\/index.php\/wp-json\/wp\/v2\/pages\/177"}],"collection":[{"href":"http:\/\/www.hosagaair.com\/index.php\/wp-json\/wp\/v2\/pages"}],"about":[{"href":"http:\/\/www.hosagaair.com\/index.php\/wp-json\/wp\/v2\/types\/page"}],"author":[{"embeddable":true,"href":"http:\/\/www.hosagaair.com\/index.php\/wp-json\/wp\/v2\/users\/1"}],"replies":[{"embeddable":true,"href":"http:\/\/www.hosagaair.com\/index.php\/wp-json\/wp\/v2\/comments?post=177"}],"version-history":[{"count":40,"href":"http:\/\/www.hosagaair.com\/index.php\/wp-json\/wp\/v2\/pages\/177\/revisions"}],"predecessor-version":[{"id":759,"href":"http:\/\/www.hosagaair.com\/index.php\/wp-json\/wp\/v2\/pages\/177\/revisions\/759"}],"wp:attachment":[{"href":"http:\/\/www.hosagaair.com\/index.php\/wp-json\/wp\/v2\/media?parent=177"}],"curies":[{"name":"wp","href":"https:\/\/api.w.org\/{rel}","templated":true}]}}